{"id":3,"date":"2018-10-15T08:38:35","date_gmt":"2018-10-15T08:38:35","guid":{"rendered":"http:\/\/1a-auto.ch\/?page_id=3"},"modified":"2019-06-04T06:05:43","modified_gmt":"2019-06-04T06:05:43","slug":"privacy-policy","status":"publish","type":"page","link":"https:\/\/1a-auto.ch\/index.php\/privacy-policy\/","title":{"rendered":"Geschichte"},"content":{"rendered":"<div id=\"dslc-theme-content\"><div id=\"dslc-theme-content-inner\">\r\n<table class=\"wp-block-table\">\r\n<tbody>\r\n<tr>\r\n<td><strong>1977<\/strong><\/td>\r\n<td><br \/>Er\u00f6ffnete Waldemar Imobersteg das Lackierwerk in Dallenwil.<\/td>\r\n<\/tr>\r\n<tr>\r\n<td><br \/><strong>1983<\/strong><\/td>\r\n<td><br \/>Nach dem tragischen Unfalltod von Waldemar Imobersteg, wurde die Einzelfirma in die W. Imobersteg AG \u00fcberf\u00fchrt.Sohn, Marlon Imobersteg, gelernter Autolackierer, \u00fcbernahm die Gesch\u00e4ftsf\u00fchrung.<\/td>\r\n<\/tr>\r\n<tr>\r\n<td><br \/><strong>1989<\/strong><\/td>\r\n<td><br \/>Absolvierte Marlon Imobersteg die h\u00f6here Fachpr\u00fcfung als eidg. dipl. Autolackierermeister.Die W. Imobersteg AG wurde dem Schweizerischen Karosserie-Verband VSCI angeschlossen.<\/td>\r\n<\/tr>\r\n<tr>\r\n<td><br \/><strong>1991<\/strong><\/td>\r\n<td><br \/>Wurde Marlon Imobersteg Mitglied des Expertengremiums f\u00fcr die Lehrabschlusspr\u00fcfungen der Zentralschweiz.<\/td>\r\n<\/tr>\r\n<tr>\r\n<td><br \/><strong>1993<\/strong><\/td>\r\n<td><br \/>Schliesst Marlon Imobersteg eine Weiterbildung, als Informatiktechniker TS, ab.<\/td>\r\n<\/tr>\r\n<tr>\r\n<td><br \/><strong>2007<\/strong><\/td>\r\n<td><br \/>Zum 30-j\u00e4hrigen Jubil\u00e4um erweitert die W. Imobersteg AG ihr T\u00e4tigkeitsfeld im Bereich der Beschichtungen und mit Spotrepair.<\/td>\r\n<\/tr>\r\n<tr>\r\n<td><br \/><strong>2009<\/strong><\/td>\r\n<td><br \/>Das Angebot der Beschriftungen wird ausgebaut. Gestaltung, Beratung und Ausf\u00fchrung von A \u2013 Z aus einer Hand.<\/td>\r\n<\/tr>\r\n<tr>\r\n<td><br \/><strong>2011<\/strong><\/td>\r\n<td><br \/>Als Nischenprodukt, entstanden aus einem Hobby, bietet die W. Imobersteg AG f\u00fcr klein- bis mittlere Auflagen den Textildruck an.<\/td>\r\n<\/tr>\r\n<tr>\r\n<td><br \/><strong>2012<\/strong><\/td>\r\n<td><br \/>Car-Wrapping \u2026.<\/td>\r\n<\/tr>\r\n<tr>\r\n<td><br \/><strong>2015<\/strong><\/td>\r\n<td><br \/>Beendet Kevin Imobersteg die Zusatzlehre als Carrossier Lackierung mit Ehrenmeldung und steigt gleichzeitig im Familienunternemen ein. Er \u00fcbernnimmt alles was mit Beschrifung und Folien zutun hat.<\/td>\r\n<\/tr>\r\n<tr>\r\n<td><br \/><strong>2017<\/strong><\/td>\r\n<td><br \/>Beendet Kevin Imobersteg die Zusausbildung Gestalter im Handwerk FA<\/td>\r\n<\/tr>\r\n<tr>\r\n<td><br \/><strong>2018<\/strong><\/td>\r\n<td><br \/>Beginnt Kevin Imobersteg die Zusausblildung zum Technischen Kaufmann HF<\/td>\r\n<\/tr>\r\n<\/tbody>\r\n<\/table>\r\n<\/div><\/div>","protected":false},"excerpt":{"rendered":"<p>1977 Er\u00f6ffnete Waldemar Imobersteg das Lackierwerk in Dallenwil. 1983 Nach dem tragischen Unfalltod von Waldemar Imobersteg, wurde die Einzelfirma in die W. Imobersteg AG \u00fcberf\u00fchrt.Sohn, Marlon Imobersteg, gelernter Autolackierer, \u00fcbernahm die Gesch\u00e4ftsf\u00fchrung. 1989 Absolvierte Marlon Imobersteg die h\u00f6here Fachpr\u00fcfung als eidg. dipl. Autolackierermeister.Die W. Imobersteg AG wurde dem Schweizerischen Karosserie-Verband VSCI angeschlossen. 1991 Wurde Marlon <a href=\"https:\/\/1a-auto.ch\/index.php\/privacy-policy\/\" class=\"more-link\">\u2026weiterlesen<span class=\"screen-reader-text\"> Geschichte\"<\/span><\/a><\/p>\n","protected":false},"author":1,"featured_media":33,"parent":0,"menu_order":0,"comment_status":"closed","ping_status":"closed","template":"","meta":{"footnotes":""},"class_list":["post-3","page","type-page","status-publish","has-post-thumbnail","h-entry","hentry","h-as-page"],"_links":{"self":[{"href":"https:\/\/1a-auto.ch\/index.php\/wp-json\/wp\/v2\/pages\/3","targetHints":{"allow":["GET"]}}],"collection":[{"href":"https:\/\/1a-auto.ch\/index.php\/wp-json\/wp\/v2\/pages"}],"about":[{"href":"https:\/\/1a-auto.ch\/index.php\/wp-json\/wp\/v2\/types\/page"}],"author":[{"embeddable":true,"href":"https:\/\/1a-auto.ch\/index.php\/wp-json\/wp\/v2\/users\/1"}],"replies":[{"embeddable":true,"href":"https:\/\/1a-auto.ch\/index.php\/wp-json\/wp\/v2\/comments?post=3"}],"version-history":[{"count":9,"href":"https:\/\/1a-auto.ch\/index.php\/wp-json\/wp\/v2\/pages\/3\/revisions"}],"predecessor-version":[{"id":113,"href":"https:\/\/1a-auto.ch\/index.php\/wp-json\/wp\/v2\/pages\/3\/revisions\/113"}],"wp:featuredmedia":[{"embeddable":true,"href":"https:\/\/1a-auto.ch\/index.php\/wp-json\/wp\/v2\/media\/33"}],"wp:attachment":[{"href":"https:\/\/1a-auto.ch\/index.php\/wp-json\/wp\/v2\/media?parent=3"}],"curies":[{"name":"wp","href":"https:\/\/api.w.org\/{rel}","templated":true}]}}